{"id":90,"date":"2026-04-09T15:35:41","date_gmt":"2026-04-09T18:35:41","guid":{"rendered":"https:\/\/chicorestaurante.com.br\/?page_id=90"},"modified":"2026-04-10T19:21:53","modified_gmt":"2026-04-10T22:21:53","slug":"home","status":"publish","type":"page","link":"https:\/\/chicorestaurante.com.br\/","title":{"rendered":"Home"},"content":{"rendered":"\t\t<div data-elementor-type=\"wp-page\" data-elementor-id=\"90\" class=\"elementor elementor-90\" data-elementor-post-type=\"page\">\n\t\t\t\t<div class=\"elementor-element elementor-element-67d9f93 e-con-full e-flex e-con e-parent\" data-id=\"67d9f93\" data-element_type=\"container\" data-e-type=\"container\" data-settings=\"{&quot;background_background&quot;:&quot;video&quot;,&quot;background_video_link&quot;:&quot;https:\\\/\\\/chicorestaurante.com.br\\\/wp-content\\\/uploads\\\/2026\\\/04\\\/bgsite-chico.mp4&quot;,&quot;background_video_start&quot;:0,&quot;background_play_on_mobile&quot;:&quot;yes&quot;}\">\n\t\t<div class=\"elementor-background-video-container\">\n\t\t\t\t\t\t\t<video class=\"elementor-background-video-hosted\" role=\"presentation\" autoplay muted playsinline loop><\/video>\n\t\t\t\t\t<\/div>\t\t<\/div>\n\t\t<div class=\"elementor-element elementor-element-7f715f8 e-grid e-con-boxed e-con e-parent\" data-id=\"7f715f8\" data-element_type=\"container\" data-e-type=\"container\">\n\t\t\t\t\t<div class=\"e-con-inner\">\n\t\t\t\t<div class=\"elementor-element elementor-element-f8e1326 elementor-widget elementor-widget-image\" data-id=\"f8e1326\" data-element_type=\"widget\" data-e-type=\"widget\" data-widget_type=\"image.default\">\n\t\t\t\t<div class=\"elementor-widget-container\">\n\t\t\t\t\t\t\t\t\t\t\t\t\t\t\t<img fetchpriority=\"high\" decoding=\"async\" width=\"360\" height=\"450\" src=\"https:\/\/chicorestaurante.com.br\/wp-content\/uploads\/2026\/04\/parmegiana-chico-restaurante.png\" class=\"attachment-full size-full wp-image-196\" alt=\"\" srcset=\"https:\/\/chicorestaurante.com.br\/wp-content\/uploads\/2026\/04\/parmegiana-chico-restaurante.png 360w, https:\/\/chicorestaurante.com.br\/wp-content\/uploads\/2026\/04\/parmegiana-chico-restaurante-240x300.png 240w\" sizes=\"(max-width: 360px) 100vw, 360px\" \/>\t\t\t\t\t\t\t\t\t\t\t\t\t\t\t<\/div>\n\t\t\t\t<\/div>\n\t\t\t\t<div class=\"elementor-element elementor-element-1753ef6 elementor-widget elementor-widget-image\" data-id=\"1753ef6\" data-element_type=\"widget\" data-e-type=\"widget\" data-widget_type=\"image.default\">\n\t\t\t\t<div class=\"elementor-widget-container\">\n\t\t\t\t\t\t\t\t\t\t\t\t\t\t\t<img decoding=\"async\" width=\"360\" height=\"450\" src=\"https:\/\/chicorestaurante.com.br\/wp-content\/uploads\/2026\/04\/file-a-cubana-chico-restaurante.png\" class=\"attachment-large size-large wp-image-197\" alt=\"\" srcset=\"https:\/\/chicorestaurante.com.br\/wp-content\/uploads\/2026\/04\/file-a-cubana-chico-restaurante.png 360w, https:\/\/chicorestaurante.com.br\/wp-content\/uploads\/2026\/04\/file-a-cubana-chico-restaurante-240x300.png 240w\" sizes=\"(max-width: 360px) 100vw, 360px\" \/>\t\t\t\t\t\t\t\t\t\t\t\t\t\t\t<\/div>\n\t\t\t\t<\/div>\n\t\t\t\t<div class=\"elementor-element elementor-element-332d829 elementor-widget elementor-widget-image\" data-id=\"332d829\" data-element_type=\"widget\" data-e-type=\"widget\" data-widget_type=\"image.default\">\n\t\t\t\t<div class=\"elementor-widget-container\">\n\t\t\t\t\t\t\t\t\t\t\t\t\t\t\t<img decoding=\"async\" width=\"360\" height=\"450\" src=\"https:\/\/chicorestaurante.com.br\/wp-content\/uploads\/2026\/04\/salmao-a-belle-meuniere.png\" class=\"attachment-full size-full wp-image-198\" alt=\"\" srcset=\"https:\/\/chicorestaurante.com.br\/wp-content\/uploads\/2026\/04\/salmao-a-belle-meuniere.png 360w, https:\/\/chicorestaurante.com.br\/wp-content\/uploads\/2026\/04\/salmao-a-belle-meuniere-240x300.png 240w\" sizes=\"(max-width: 360px) 100vw, 360px\" \/>\t\t\t\t\t\t\t\t\t\t\t\t\t\t\t<\/div>\n\t\t\t\t<\/div>\n\t\t\t\t\t<\/div>\n\t\t\t\t<\/div>\n\t\t<div class=\"elementor-element elementor-element-9601a26 e-flex e-con-boxed e-con e-parent\" data-id=\"9601a26\" data-element_type=\"container\" data-e-type=\"container\">\n\t\t\t\t\t<div class=\"e-con-inner\">\n\t\t\t\t<div class=\"elementor-element elementor-element-fa14986 elementor-widget elementor-widget-heading\" data-id=\"fa14986\" data-element_type=\"widget\" data-e-type=\"widget\" data-widget_type=\"heading.default\">\n\t\t\t\t<div class=\"elementor-widget-container\">\n\t\t\t\t\t<h2 class=\"elementor-heading-title elementor-size-default\">A ESCOLHA CERTA<\/br> EM S\u00c3O PAULO<\/h2>\t\t\t\t<\/div>\n\t\t\t\t<\/div>\n\t\t\t\t<div class=\"elementor-element elementor-element-df89a5d elementor-widget elementor-widget-heading\" data-id=\"df89a5d\" data-element_type=\"widget\" data-e-type=\"widget\" data-widget_type=\"heading.default\">\n\t\t\t\t<div class=\"elementor-widget-container\">\n\t\t\t\t\t<h2 class=\"elementor-heading-title elementor-size-default\">que tal uma visita?<\/h2>\t\t\t\t<\/div>\n\t\t\t\t<\/div>\n\t\t\t\t<div class=\"elementor-element elementor-element-43826d7 elementor-widget elementor-widget-text-editor\" data-id=\"43826d7\" data-element_type=\"widget\" data-e-type=\"widget\" data-widget_type=\"text-editor.default\">\n\t\t\t\t<div class=\"elementor-widget-container\">\n\t\t\t\t\t\t\t\t\t<p>Perfeito para quem busca tradi\u00e7\u00e3o e sabor de verdade, o Chico Restaurante convida voc\u00ea a viver momentos \u00fanicos. Desde 1960, servindo pratos que aquecem o cora\u00e7\u00e3o, queremos que cada visita seja uma experi\u00eancia especial, repleta de boas lembran\u00e7as, sabores marcantes e aquele gostinho de casa que faz voc\u00ea querer voltar sempre.<\/p>\t\t\t\t\t\t\t\t<\/div>\n\t\t\t\t<\/div>\n\t\t\t\t\t<\/div>\n\t\t\t\t<\/div>\n\t\t<div class=\"elementor-element elementor-element-6e18e20 e-flex e-con-boxed e-con e-parent\" data-id=\"6e18e20\" data-element_type=\"container\" data-e-type=\"container\" data-settings=\"{&quot;background_background&quot;:&quot;classic&quot;,&quot;shape_divider_top&quot;:&quot;curve-asymmetrical&quot;,&quot;shape_divider_top_negative&quot;:&quot;yes&quot;}\">\n\t\t\t\t\t<div class=\"e-con-inner\">\n\t\t\t\t<div class=\"elementor-shape elementor-shape-top\" aria-hidden=\"true\" data-negative=\"true\">\n\t\t\t<svg xmlns=\"http:\/\/www.w3.org\/2000\/svg\" viewBox=\"0 0 1000 100\" preserveAspectRatio=\"none\">\n\t<path class=\"elementor-shape-fill\" d=\"M615.2,96.7C240.2,97.8,0,18.9,0,0v100h1000V0C1000,19.2,989.8,96,615.2,96.7z\"\/>\n<\/svg>\t\t<\/div>\n\t\t\t\t<div class=\"elementor-element elementor-element-34bfb85 elementor-widget elementor-widget-heading\" data-id=\"34bfb85\" data-element_type=\"widget\" data-e-type=\"widget\" data-widget_type=\"heading.default\">\n\t\t\t\t<div class=\"elementor-widget-container\">\n\t\t\t\t\t<h2 class=\"elementor-heading-title elementor-size-default\">TRADI\u00c7\u00c3O<\/br> DESDE 1960<\/h2>\t\t\t\t<\/div>\n\t\t\t\t<\/div>\n\t\t\t\t<div class=\"elementor-element elementor-element-1795411 elementor-widget elementor-widget-heading\" data-id=\"1795411\" data-element_type=\"widget\" data-e-type=\"widget\" data-widget_type=\"heading.default\">\n\t\t\t\t<div class=\"elementor-widget-container\">\n\t\t\t\t\t<h2 class=\"elementor-heading-title elementor-size-default\">nossa hist\u00f3ria<\/h2>\t\t\t\t<\/div>\n\t\t\t\t<\/div>\n\t\t\t\t<div class=\"elementor-element elementor-element-dfd5762 elementor-widget elementor-widget-text-editor\" data-id=\"dfd5762\" data-element_type=\"widget\" data-e-type=\"widget\" data-widget_type=\"text-editor.default\">\n\t\t\t\t<div class=\"elementor-widget-container\">\n\t\t\t\t\t\t\t\t\t<p data-start=\"95\" data-end=\"319\">O Chico Restaurante nasceu em 1960, fundado pelo Sr. Francisco e pela Sra. Yolanda. Tudo come\u00e7ou como uma pequena pens\u00e3o, que acolhia nordestinos que chegavam a S\u00e3o Paulo em busca de novas oportunidades e de uma vida melhor.<\/p><p data-start=\"321\" data-end=\"491\">Com o passar dos anos, o espa\u00e7o evoluiu e acompanhou as necessidades da \u00e9poca: de pens\u00e3o, tornou-se bar, depois lanchonete, at\u00e9 finalmente se consolidar como restaurante.<\/p><p data-start=\"493\" data-end=\"710\">Mesmo com tantas transforma\u00e7\u00f5es, a ess\u00eancia nunca mudou. O Chico preserva at\u00e9 hoje a tradi\u00e7\u00e3o de uma comida caseira, feita com carinho e qualidade, em um ambiente acolhedor e familiar \u2014 como sempre foi desde o in\u00edcio.<\/p><p data-start=\"712\" data-end=\"794\">Mais do que um restaurante, o Chico \u00e9 um lugar de hist\u00f3rias, encontros e mem\u00f3rias.<\/p>\t\t\t\t\t\t\t\t<\/div>\n\t\t\t\t<\/div>\n\t\t\t\t<div class=\"elementor-element elementor-element-254a261 elementor-skin-carousel elementor-pagination-type-bullets elementor-pagination-position-outside elementor-widget elementor-widget-media-carousel\" data-id=\"254a261\" data-element_type=\"widget\" data-e-type=\"widget\" data-settings=\"{&quot;skin&quot;:&quot;carousel&quot;,&quot;effect&quot;:&quot;slide&quot;,&quot;pagination&quot;:&quot;bullets&quot;,&quot;speed&quot;:500,&quot;autoplay&quot;:&quot;yes&quot;,&quot;autoplay_speed&quot;:5000,&quot;loop&quot;:&quot;yes&quot;,&quot;pause_on_hover&quot;:&quot;yes&quot;,&quot;pause_on_interaction&quot;:&quot;yes&quot;,&quot;space_between&quot;:{&quot;unit&quot;:&quot;px&quot;,&quot;size&quot;:10,&quot;sizes&quot;:[]},&quot;space_between_tablet&quot;:{&quot;unit&quot;:&quot;px&quot;,&quot;size&quot;:10,&quot;sizes&quot;:[]},&quot;space_between_mobile&quot;:{&quot;unit&quot;:&quot;px&quot;,&quot;size&quot;:10,&quot;sizes&quot;:[]}}\" data-widget_type=\"media-carousel.default\">\n\t\t\t\t<div class=\"elementor-widget-container\">\n\t\t\t\t\t\t\t\t\t<div class=\"elementor-swiper\">\n\t\t\t\t\t<div class=\"elementor-main-swiper swiper\" role=\"region\" aria-roledescription=\"carousel\" aria-label=\"Slides\">\n\t\t\t\t<div class=\"swiper-wrapper\">\n\t\t\t\t\t\t\t\t\t\t\t<div class=\"swiper-slide\" role=\"group\" aria-roledescription=\"slide\">\n\t\t\t\t\t\t\t\t\t<div class=\"elementor-carousel-image\" role=\"img\" aria-label=\"bar-chico\" style=\"background-image: url(&#039;https:\/\/chicorestaurante.com.br\/wp-content\/uploads\/2026\/04\/bar-chico.png&#039;)\">\n\n\t\t\t\n\t\t\t\t\t<\/div>\n\t\t\t\t\t\t\t\t<\/div>\n\t\t\t\t\t\t\t\t\t\t\t<div class=\"swiper-slide\" role=\"group\" aria-roledescription=\"slide\">\n\t\t\t\t\t\t\t\t\t<div class=\"elementor-carousel-image\" role=\"img\" aria-label=\"chico-momentos10\" style=\"background-image: url(&#039;https:\/\/chicorestaurante.com.br\/wp-content\/uploads\/2026\/04\/chico-momentos10.png&#039;)\">\n\n\t\t\t\n\t\t\t\t\t<\/div>\n\t\t\t\t\t\t\t\t<\/div>\n\t\t\t\t\t\t\t\t\t\t\t<div class=\"swiper-slide\" role=\"group\" aria-roledescription=\"slide\">\n\t\t\t\t\t\t\t\t\t<div class=\"elementor-carousel-image\" role=\"img\" aria-label=\"chico-momentos3\" style=\"background-image: url(&#039;https:\/\/chicorestaurante.com.br\/wp-content\/uploads\/2026\/04\/chico-momentos3.png&#039;)\">\n\n\t\t\t\n\t\t\t\t\t<\/div>\n\t\t\t\t\t\t\t\t<\/div>\n\t\t\t\t\t\t\t\t\t\t\t<div class=\"swiper-slide\" role=\"group\" aria-roledescription=\"slide\">\n\t\t\t\t\t\t\t\t\t<div class=\"elementor-carousel-image\" role=\"img\" aria-label=\"chico-momentos4\" style=\"background-image: url(&#039;https:\/\/chicorestaurante.com.br\/wp-content\/uploads\/2026\/04\/chico-momentos4.png&#039;)\">\n\n\t\t\t\n\t\t\t\t\t<\/div>\n\t\t\t\t\t\t\t\t<\/div>\n\t\t\t\t\t\t\t\t\t\t\t<div class=\"swiper-slide\" role=\"group\" aria-roledescription=\"slide\">\n\t\t\t\t\t\t\t\t\t<div class=\"elementor-carousel-image\" role=\"img\" aria-label=\"chico-momentos5\" style=\"background-image: url(&#039;https:\/\/chicorestaurante.com.br\/wp-content\/uploads\/2026\/04\/chico-momentos5.png&#039;)\">\n\n\t\t\t\n\t\t\t\t\t<\/div>\n\t\t\t\t\t\t\t\t<\/div>\n\t\t\t\t\t\t\t\t\t\t\t<div class=\"swiper-slide\" role=\"group\" aria-roledescription=\"slide\">\n\t\t\t\t\t\t\t\t\t<div class=\"elementor-carousel-image\" role=\"img\" aria-label=\"chico-momentos1\" style=\"background-image: url(&#039;https:\/\/chicorestaurante.com.br\/wp-content\/uploads\/2026\/04\/chico-momentos1.png&#039;)\">\n\n\t\t\t\n\t\t\t\t\t<\/div>\n\t\t\t\t\t\t\t\t<\/div>\n\t\t\t\t\t\t\t\t\t\t\t<div class=\"swiper-slide\" role=\"group\" aria-roledescription=\"slide\">\n\t\t\t\t\t\t\t\t\t<div class=\"elementor-carousel-image\" role=\"img\" aria-label=\"chico-momentos7\" style=\"background-image: url(&#039;https:\/\/chicorestaurante.com.br\/wp-content\/uploads\/2026\/04\/chico-momentos7.png&#039;)\">\n\n\t\t\t\n\t\t\t\t\t<\/div>\n\t\t\t\t\t\t\t\t<\/div>\n\t\t\t\t\t\t\t\t\t\t\t<div class=\"swiper-slide\" role=\"group\" aria-roledescription=\"slide\">\n\t\t\t\t\t\t\t\t\t<div class=\"elementor-carousel-image\" role=\"img\" aria-label=\"chico-momentos8\" style=\"background-image: url(&#039;https:\/\/chicorestaurante.com.br\/wp-content\/uploads\/2026\/04\/chico-momentos8.png&#039;)\">\n\n\t\t\t\n\t\t\t\t\t<\/div>\n\t\t\t\t\t\t\t\t<\/div>\n\t\t\t\t\t\t\t\t\t\t\t<div class=\"swiper-slide\" role=\"group\" aria-roledescription=\"slide\">\n\t\t\t\t\t\t\t\t\t<div class=\"elementor-carousel-image\" role=\"img\" aria-label=\"chico-momentos9\" style=\"background-image: url(&#039;https:\/\/chicorestaurante.com.br\/wp-content\/uploads\/2026\/04\/chico-momentos9.png&#039;)\">\n\n\t\t\t\n\t\t\t\t\t<\/div>\n\t\t\t\t\t\t\t\t<\/div>\n\t\t\t\t\t\t\t\t\t\t\t<div class=\"swiper-slide\" role=\"group\" aria-roledescription=\"slide\">\n\t\t\t\t\t\t\t\t\t<div class=\"elementor-carousel-image\" role=\"img\" aria-label=\"chico-momentos6\" style=\"background-image: url(&#039;https:\/\/chicorestaurante.com.br\/wp-content\/uploads\/2026\/04\/chico-momentos6.png&#039;)\">\n\n\t\t\t\n\t\t\t\t\t<\/div>\n\t\t\t\t\t\t\t\t<\/div>\n\t\t\t\t\t\t\t\t\t\t\t<div class=\"swiper-slide\" role=\"group\" aria-roledescription=\"slide\">\n\t\t\t\t\t\t\t\t\t<div class=\"elementor-carousel-image\" role=\"img\" aria-label=\"chico-momentos2\" style=\"background-image: url(&#039;https:\/\/chicorestaurante.com.br\/wp-content\/uploads\/2026\/04\/chico-momentos2.png&#039;)\">\n\n\t\t\t\n\t\t\t\t\t<\/div>\n\t\t\t\t\t\t\t\t<\/div>\n\t\t\t\t\t\t\t\t\t<\/div>\n\t\t\t\t\t\t\t\t\t\t\t\t\t\t\t\t\t\t\t\t<div class=\"swiper-pagination\"><\/div>\n\t\t\t\t\t\t\t\t\t\t\t\t<\/div>\n\t\t\t\t<\/div>\n\t\t\t\t\t\t\t\t<\/div>\n\t\t\t\t<\/div>\n\t\t\t\t\t<\/div>\n\t\t\t\t<\/div>\n\t\t\t\t<\/div>\n\t\t","protected":false},"excerpt":{"rendered":"<p>A ESCOLHA CERTA EM S\u00c3O PAULO que tal uma visita? Perfeito para quem busca tradi\u00e7\u00e3o e sabor de verdade, o Chico Restaurante convida voc\u00ea a viver momentos \u00fanicos. Desde 1960, servindo pratos que aquecem o cora\u00e7\u00e3o, queremos que cada visita seja uma experi\u00eancia especial, repleta de boas lembran\u00e7as, sabores marcantes e aquele gostinho de casa [&hellip;]<\/p>\n","protected":false},"author":1,"featured_media":0,"parent":0,"menu_order":0,"comment_status":"closed","ping_status":"closed","template":"elementor_header_footer","meta":{"footnotes":""},"class_list":["post-90","page","type-page","status-publish","hentry"],"_links":{"self":[{"href":"https:\/\/chicorestaurante.com.br\/index.php\/wp-json\/wp\/v2\/pages\/90","targetHints":{"allow":["GET"]}}],"collection":[{"href":"https:\/\/chicorestaurante.com.br\/index.php\/wp-json\/wp\/v2\/pages"}],"about":[{"href":"https:\/\/chicorestaurante.com.br\/index.php\/wp-json\/wp\/v2\/types\/page"}],"author":[{"embeddable":true,"href":"https:\/\/chicorestaurante.com.br\/index.php\/wp-json\/wp\/v2\/users\/1"}],"replies":[{"embeddable":true,"href":"https:\/\/chicorestaurante.com.br\/index.php\/wp-json\/wp\/v2\/comments?post=90"}],"version-history":[{"count":155,"href":"https:\/\/chicorestaurante.com.br\/index.php\/wp-json\/wp\/v2\/pages\/90\/revisions"}],"predecessor-version":[{"id":320,"href":"https:\/\/chicorestaurante.com.br\/index.php\/wp-json\/wp\/v2\/pages\/90\/revisions\/320"}],"wp:attachment":[{"href":"https:\/\/chicorestaurante.com.br\/index.php\/wp-json\/wp\/v2\/media?parent=90"}],"curies":[{"name":"wp","href":"https:\/\/api.w.org\/{rel}","templated":true}]}}